{"id":15,"date":"2020-04-26T22:02:02","date_gmt":"2020-04-26T22:02:02","guid":{"rendered":"https:\/\/ristoly-theme.progressionstudios.com\/?page_id=15"},"modified":"2022-04-01T11:17:43","modified_gmt":"2022-04-01T09:17:43","slug":"ueber_uns","status":"publish","type":"page","link":"https:\/\/www.das-kobers.de\/index.php\/ueber_uns\/","title":{"rendered":"\u00dcber uns"},"content":{"rendered":"\t\t<div data-elementor-type=\"wp-page\" data-elementor-id=\"15\" class=\"elementor elementor-15\" data-elementor-post-type=\"page\">\n\t\t\t\t\t\t<section class=\"elementor-section elementor-top-section elementor-element elementor-element-b834993 elementor-section-boxed elementor-section-height-default elementor-section-height-default\" data-id=\"b834993\" data-element_type=\"section\">\n\t\t\t\t\t\t<div class=\"elementor-container elementor-column-gap-default\">\n\t\t\t\t\t<div class=\"elementor-column elementor-col-100 elementor-top-column elementor-element elementor-element-edf854c\" data-id=\"edf854c\" data-element_type=\"column\">\n\t\t\t<div class=\"elementor-widget-wrap elementor-element-populated\">\n\t\t\t\t\t\t<div class=\"elementor-element elementor-element-7c779d43 elementor-widget elementor-widget-heading\" data-id=\"7c779d43\" data-element_type=\"widget\" data-widget_type=\"heading.default\">\n\t\t\t\t<div class=\"elementor-widget-container\">\n\t\t\t<h4 class=\"elementor-heading-title elementor-size-default\">DAS<\/h4>\t\t<\/div>\n\t\t\t\t<\/div>\n\t\t\t\t<div class=\"elementor-element elementor-element-445a6d11 elementor-widget elementor-widget-heading\" data-id=\"445a6d11\" data-element_type=\"widget\" data-widget_type=\"heading.default\">\n\t\t\t\t<div class=\"elementor-widget-container\">\n\t\t\t<h2 class=\"elementor-heading-title elementor-size-default\">KOBERS CHIAVERI<\/h2>\t\t<\/div>\n\t\t\t\t<\/div>\n\t\t\t\t\t<\/div>\n\t\t<\/div>\n\t\t\t\t\t<\/div>\n\t\t<\/section>\n\t\t\t\t<section class=\"elementor-section elementor-top-section elementor-element elementor-element-2630c9b4 elementor-section-boxed elementor-section-height-default elementor-section-height-default\" data-id=\"2630c9b4\" data-element_type=\"section\">\n\t\t\t\t\t\t<div class=\"elementor-container elementor-column-gap-default\">\n\t\t\t\t\t<div class=\"elementor-column elementor-col-100 elementor-top-column elementor-element elementor-element-9b915f1\" data-id=\"9b915f1\" data-element_type=\"column\">\n\t\t\t<div class=\"elementor-widget-wrap elementor-element-populated\">\n\t\t\t\t\t\t<div class=\"elementor-element elementor-element-2f69c3f0 elementor-hidden-desktop elementor-hidden-tablet elementor-hidden-phone elementor-widget elementor-widget-image\" data-id=\"2f69c3f0\" data-element_type=\"widget\" data-widget_type=\"image.default\">\n\t\t\t\t<div class=\"elementor-widget-container\">\n\t\t\t\t\t\t\t\t\t\t\t\t\t<img fetchpriority=\"high\" decoding=\"async\" width=\"600\" height=\"400\" src=\"https:\/\/www.das-kobers.de\/wp-content\/uploads\/2020\/04\/chefs-serving-dish-at-the-restaurant-UXS7ATF.jpg\" class=\"attachment-large size-large wp-image-96\" alt=\"\" srcset=\"https:\/\/www.das-kobers.de\/wp-content\/uploads\/2020\/04\/chefs-serving-dish-at-the-restaurant-UXS7ATF.jpg 600w, https:\/\/www.das-kobers.de\/wp-content\/uploads\/2020\/04\/chefs-serving-dish-at-the-restaurant-UXS7ATF-300x200.jpg 300w\" sizes=\"(max-width: 600px) 100vw, 600px\" \/>\t\t\t\t\t\t\t\t\t\t\t\t\t<\/div>\n\t\t\t\t<\/div>\n\t\t\t\t\t<\/div>\n\t\t<\/div>\n\t\t\t\t\t<\/div>\n\t\t<\/section>\n\t\t\t\t<section class=\"elementor-section elementor-top-section elementor-element elementor-element-a674cce elementor-section-boxed elementor-section-height-default elementor-section-height-default\" data-id=\"a674cce\" data-element_type=\"section\">\n\t\t\t\t\t\t<div class=\"elementor-container elementor-column-gap-default\">\n\t\t\t\t\t<div class=\"elementor-column elementor-col-50 elementor-top-column elementor-element elementor-element-f280081\" data-id=\"f280081\" data-element_type=\"column\">\n\t\t\t<div class=\"elementor-widget-wrap elementor-element-populated\">\n\t\t\t\t\t\t<div class=\"elementor-element elementor-element-0dde40b elementor-widget elementor-widget-text-editor\" data-id=\"0dde40b\" data-element_type=\"widget\" data-widget_type=\"text-editor.default\">\n\t\t\t\t<div class=\"elementor-widget-container\">\n\t\t\t\t\t\t\t<p>Ich habe es gesucht und gefunden. In Dresden, zwischen Frauenkirche und Yenidze mit einer gro\u00dfzu\u0308gigen Dachterrasse und der fu\u0308r mich sch\u00f6nsten Aussicht auf die Stadt mit Ihren wundervollen und einzigartigen Bewohnern.<\/p><p>Der Dresdner kann ja bekannterma\u00dfen genie\u00dfen und erfreut sich gern an sch\u00f6nen Dingen. Da komme ich ins Spiel, genauer gesagt in die Ku\u0308che. Sebastian Kober, Koch aus Leidenschaft. Ich habe mit den besten K\u00f6chen kochen du\u0308rfen und Menschen rund um den Globus mit meinem Handwerk verw\u00f6hnt . All diese gesammelten Erfahrungen m\u00f6chte ich nun mit neuen Ideen in meinem eigenen Restaurant Kobers Chiaveri zu gern mit Ihnen teilen. Regionale und saisonale Produkte, modern, kreativ, international, dabei aber immer ehrlich und bunt mit einer unverwechselbaren s\u00e4chsischen Note.<\/p>\t\t\t\t\t\t<\/div>\n\t\t\t\t<\/div>\n\t\t\t\t\t<\/div>\n\t\t<\/div>\n\t\t\t\t<div class=\"elementor-column elementor-col-50 elementor-top-column elementor-element elementor-element-cbf2026\" data-id=\"cbf2026\" data-element_type=\"column\">\n\t\t\t<div class=\"elementor-widget-wrap elementor-element-populated\">\n\t\t\t\t\t\t<div class=\"elementor-element elementor-element-5742852 elementor-widget elementor-widget-text-editor\" data-id=\"5742852\" data-element_type=\"widget\" data-widget_type=\"text-editor.default\">\n\t\t\t\t<div class=\"elementor-widget-container\">\n\t\t\t\t\t\t\t<p>Bekannte Gerichte, neu interpretiert, werden Sie zu einem unverge\u00dflichen Geschmackserlebnis fu\u0308hren. Zwischen gefl\u00e4mmten Caipirinha-Thunfisch und elektrischer Schokolade lege ich Ihnen die kulinarische Welt zu Fu\u0308\u00dfen.<\/p><p>Nicht weniger Augenmerk haben wir bei der Zusammenstellung unser Getr\u00e4nke -und Weinkarte walten lassen. Und im Mittelpunkt? Egal aus welchem Anlass, Sie als meine G\u00e4ste!<\/p><p>Lassen Sie uns die Reise gemeinsam beginnen. Mein Team und ich freuen uns ab Sommer 2021 im neuen Domizil Kobers Chiaveri, direkt im Landtag Sachsens, Ihre Reservierung entgegennehmen zu du\u0308rfen.<\/p><p>Ihr Sebastian Kober und Team<\/p>\t\t\t\t\t\t<\/div>\n\t\t\t\t<\/div>\n\t\t\t\t\t<\/div>\n\t\t<\/div>\n\t\t\t\t\t<\/div>\n\t\t<\/section>\n\t\t\t\t<section class=\"elementor-section elementor-top-section elementor-element elementor-element-5fa118b elementor-section-boxed elementor-section-height-default elementor-section-height-default\" data-id=\"5fa118b\" data-element_type=\"section\">\n\t\t\t\t\t\t<div class=\"elementor-container elementor-column-gap-default\">\n\t\t\t\t\t<div class=\"elementor-column elementor-col-100 elementor-top-column elementor-element elementor-element-23da585\" data-id=\"23da585\" data-element_type=\"column\">\n\t\t\t<div class=\"elementor-widget-wrap elementor-element-populated\">\n\t\t\t\t\t\t<div class=\"elementor-element elementor-element-9ccd5bc elementor-widget elementor-widget-heading\" data-id=\"9ccd5bc\" data-element_type=\"widget\" data-widget_type=\"heading.default\">\n\t\t\t\t<div class=\"elementor-widget-container\">\n\t\t\t<h4 class=\"elementor-heading-title elementor-size-default\">DER<\/h4>\t\t<\/div>\n\t\t\t\t<\/div>\n\t\t\t\t<div class=\"elementor-element elementor-element-6c6291a elementor-widget elementor-widget-heading\" data-id=\"6c6291a\" data-element_type=\"widget\" data-widget_type=\"heading.default\">\n\t\t\t\t<div class=\"elementor-widget-container\">\n\t\t\t<h2 class=\"elementor-heading-title elementor-size-default\">NAME - KOBERS?<\/h2>\t\t<\/div>\n\t\t\t\t<\/div>\n\t\t\t\t\t<\/div>\n\t\t<\/div>\n\t\t\t\t\t<\/div>\n\t\t<\/section>\n\t\t\t\t<section class=\"elementor-section elementor-top-section elementor-element elementor-element-6b21214a elementor-section-boxed elementor-section-height-default elementor-section-height-default\" data-id=\"6b21214a\" data-element_type=\"section\">\n\t\t\t\t\t\t<div class=\"elementor-container elementor-column-gap-default\">\n\t\t\t\t\t<div class=\"elementor-column elementor-col-50 elementor-top-column elementor-element elementor-element-4531f51f\" data-id=\"4531f51f\" data-element_type=\"column\">\n\t\t\t<div class=\"elementor-widget-wrap elementor-element-populated\">\n\t\t\t\t\t\t<div class=\"elementor-element elementor-element-418c7d76 elementor-widget elementor-widget-text-editor\" data-id=\"418c7d76\" data-element_type=\"widget\" data-widget_type=\"text-editor.default\">\n\t\t\t\t<div class=\"elementor-widget-container\">\n\t\t\t\t\t\t\t<p>Als ich mit 17 Jahren wie jeder junge, kr\u00e4ftige Mann zur Eignungsuntersuchung und -feststellung (kurz Musterung) ging, stand an deren Ende die Beurteilung durch den Musterungsbeamten. Ich lief einen langen Gang unter flackerndem Neonlicht bis ans Ende , an dem sich das Zimmer des Beamten befand. Die typische Beh\u00f6rdengang-Atmosph\u00e4re und der Endpunkt meiner Musterung\u00a0 fanden ihren Abschluss an der T\u00fcr, an deren Namensschild ich meinen Namen lesen konnte -Kober\u00a0<\/p>\t\t\t\t\t\t<\/div>\n\t\t\t\t<\/div>\n\t\t\t\t\t<\/div>\n\t\t<\/div>\n\t\t\t\t<div class=\"elementor-column elementor-col-50 elementor-top-column elementor-element elementor-element-ab714d6\" data-id=\"ab714d6\" data-element_type=\"column\">\n\t\t\t<div class=\"elementor-widget-wrap elementor-element-populated\">\n\t\t\t\t\t\t<div class=\"elementor-element elementor-element-300ff02 elementor-widget elementor-widget-text-editor\" data-id=\"300ff02\" data-element_type=\"widget\" data-widget_type=\"text-editor.default\">\n\t\t\t\t<div class=\"elementor-widget-container\">\n\t\t\t\t\t\t\t<p>&gt;&gt;Wissen Sie, was ein Kober ist?&lt;&lt; begr\u00fc\u00dfte mich der Beamte und lenkte das Gespr\u00e4ch auf unsere Namensvetterschaft, ebenso am\u00fcsiert wie ich. Die Eignung zur Wehrpflicht geriet zur Nebensache. Gespannt lauschte ich der Herkunft meines Namens. Bereits im 14. Jahrhundert erw\u00e4hnt, brachten die Bauersfrauen ihren arbeitenden M\u00e4nnern die Mahlzeiten aufs Feld. Daf\u00fcr benutzten sie einen Tragekorb, den man &gt;&gt;Kober&lt;&lt; nannte. Aus diesem sp\u00e4tmittelhochdeutschen Wort hat sich der heutige Begriff &gt;&gt;Korb&lt;&lt; entwickelt.<\/p>\t\t\t\t\t\t<\/div>\n\t\t\t\t<\/div>\n\t\t\t\t\t<\/div>\n\t\t<\/div>\n\t\t\t\t\t<\/div>\n\t\t<\/section>\n\t\t\t\t<section class=\"elementor-section elementor-top-section elementor-element elementor-element-513930c6 elementor-section-boxed elementor-section-height-default elementor-section-height-default\" data-id=\"513930c6\" data-element_type=\"section\" data-settings=\"{&quot;background_background&quot;:&quot;classic&quot;}\">\n\t\t\t\t\t\t<div class=\"elementor-container elementor-column-gap-default\">\n\t\t\t\t\t<div class=\"elementor-column elementor-col-100 elementor-top-column elementor-element elementor-element-4acbf11d\" data-id=\"4acbf11d\" data-element_type=\"column\">\n\t\t\t<div class=\"elementor-widget-wrap elementor-element-populated\">\n\t\t\t\t\t\t<div class=\"elementor-element elementor-element-3aae35ed elementor-widget elementor-widget-heading\" data-id=\"3aae35ed\" data-element_type=\"widget\" data-widget_type=\"heading.default\">\n\t\t\t\t<div class=\"elementor-widget-container\">\n\t\t\t<h4 class=\"elementor-heading-title elementor-size-default\">KLEINE<\/h4>\t\t<\/div>\n\t\t\t\t<\/div>\n\t\t\t\t<div class=\"elementor-element elementor-element-4ca224b2 elementor-widget elementor-widget-heading\" data-id=\"4ca224b2\" data-element_type=\"widget\" data-widget_type=\"heading.default\">\n\t\t\t\t<div class=\"elementor-widget-container\">\n\t\t\t<h2 class=\"elementor-heading-title elementor-size-default\">EINBLICKE<\/h2>\t\t<\/div>\n\t\t\t\t<\/div>\n\t\t\t\t\t<\/div>\n\t\t<\/div>\n\t\t\t\t\t<\/div>\n\t\t<\/section>\n\t\t\t\t<section class=\"elementor-section elementor-top-section elementor-element elementor-element-a236070 elementor-section-full_width elementor-section-height-default elementor-section-height-default\" data-id=\"a236070\" data-element_type=\"section\">\n\t\t\t\t\t\t<div class=\"elementor-container elementor-column-gap-default\">\n\t\t\t\t\t<div class=\"elementor-column elementor-col-100 elementor-top-column elementor-element elementor-element-56620d6\" data-id=\"56620d6\" data-element_type=\"column\">\n\t\t\t<div class=\"elementor-widget-wrap elementor-element-populated\">\n\t\t\t\t\t\t<div class=\"elementor-element elementor-element-fef53c1 elementor-widget elementor-widget-gallery\" data-id=\"fef53c1\" data-element_type=\"widget\" data-settings=\"{&quot;columns&quot;:5,&quot;gap&quot;:{&quot;unit&quot;:&quot;px&quot;,&quot;size&quot;:16,&quot;sizes&quot;:[]},&quot;aspect_ratio&quot;:&quot;1:1&quot;,&quot;lazyload&quot;:&quot;yes&quot;,&quot;gallery_layout&quot;:&quot;grid&quot;,&quot;columns_tablet&quot;:2,&quot;columns_mobile&quot;:1,&quot;gap_tablet&quot;:{&quot;unit&quot;:&quot;px&quot;,&quot;size&quot;:10,&quot;sizes&quot;:[]},&quot;gap_mobile&quot;:{&quot;unit&quot;:&quot;px&quot;,&quot;size&quot;:10,&quot;sizes&quot;:[]},&quot;link_to&quot;:&quot;file&quot;,&quot;overlay_background&quot;:&quot;yes&quot;,&quot;content_hover_animation&quot;:&quot;fade-in&quot;}\" data-widget_type=\"gallery.default\">\n\t\t\t\t<div class=\"elementor-widget-container\">\n\t\t\t\t\t<div class=\"elementor-gallery__container\">\n\t\t\t\t\t\t\t<a class=\"e-gallery-item elementor-gallery-item elementor-animated-content\" href=\"https:\/\/www.das-kobers.de\/wp-content\/uploads\/2021\/06\/Enscape_2021-06-13-23-41-53-scaled.jpg\" data-elementor-open-lightbox=\"yes\" data-elementor-lightbox-slideshow=\"fef53c1\" data-elementor-lightbox-title=\"Enscape_2021-06-13-23-41-53\" data-e-action-hash=\"#elementor-action%3Aaction%3Dlightbox%26settings%3DeyJpZCI6NjMxLCJ1cmwiOiJodHRwczpcL1wvd3d3LmRhcy1rb2JlcnMuZGVcL3dwLWNvbnRlbnRcL3VwbG9hZHNcLzIwMjFcLzA2XC9FbnNjYXBlXzIwMjEtMDYtMTMtMjMtNDEtNTMtc2NhbGVkLmpwZyIsInNsaWRlc2hvdyI6ImZlZjUzYzEifQ%3D%3D\">\n\t\t\t\t\t<div class=\"e-gallery-image elementor-gallery-item__image\" data-thumbnail=\"https:\/\/www.das-kobers.de\/wp-content\/uploads\/2021\/06\/Enscape_2021-06-13-23-41-53-768x432.jpg\" data-width=\"768\" data-height=\"432\" aria-label=\"\" role=\"img\" ><\/div>\n\t\t\t\t\t\t\t\t\t\t\t<div class=\"elementor-gallery-item__overlay\"><\/div>\n\t\t\t\t\t\t\t\t\t\t\t\t\t\t<\/a>\n\t\t\t\t\t\t\t<a class=\"e-gallery-item elementor-gallery-item elementor-animated-content\" href=\"https:\/\/www.das-kobers.de\/wp-content\/uploads\/2021\/06\/Enscape_2021-06-13-23-15-53-scaled.jpg\" data-elementor-open-lightbox=\"yes\" data-elementor-lightbox-slideshow=\"fef53c1\" data-elementor-lightbox-title=\"Enscape_2021-06-13-23-15-53\" data-e-action-hash=\"#elementor-action%3Aaction%3Dlightbox%26settings%3DeyJpZCI6NjQ1LCJ1cmwiOiJodHRwczpcL1wvd3d3LmRhcy1rb2JlcnMuZGVcL3dwLWNvbnRlbnRcL3VwbG9hZHNcLzIwMjFcLzA2XC9FbnNjYXBlXzIwMjEtMDYtMTMtMjMtMTUtNTMtc2NhbGVkLmpwZyIsInNsaWRlc2hvdyI6ImZlZjUzYzEifQ%3D%3D\">\n\t\t\t\t\t<div class=\"e-gallery-image elementor-gallery-item__image\" data-thumbnail=\"https:\/\/www.das-kobers.de\/wp-content\/uploads\/2021\/06\/Enscape_2021-06-13-23-15-53-768x432.jpg\" data-width=\"768\" data-height=\"432\" aria-label=\"\" role=\"img\" ><\/div>\n\t\t\t\t\t\t\t\t\t\t\t<div class=\"elementor-gallery-item__overlay\"><\/div>\n\t\t\t\t\t\t\t\t\t\t\t\t\t\t<\/a>\n\t\t\t\t\t\t\t<a class=\"e-gallery-item elementor-gallery-item elementor-animated-content\" href=\"https:\/\/www.das-kobers.de\/wp-content\/uploads\/2021\/06\/Enscape_2021-06-13-23-27-46-2-scaled.jpg\" data-elementor-open-lightbox=\"yes\" data-elementor-lightbox-slideshow=\"fef53c1\" data-elementor-lightbox-title=\"Enscape_2021-06-13-23-27-46-2\" data-e-action-hash=\"#elementor-action%3Aaction%3Dlightbox%26settings%3DeyJpZCI6NjMwLCJ1cmwiOiJodHRwczpcL1wvd3d3LmRhcy1rb2JlcnMuZGVcL3dwLWNvbnRlbnRcL3VwbG9hZHNcLzIwMjFcLzA2XC9FbnNjYXBlXzIwMjEtMDYtMTMtMjMtMjctNDYtMi1zY2FsZWQuanBnIiwic2xpZGVzaG93IjoiZmVmNTNjMSJ9\">\n\t\t\t\t\t<div class=\"e-gallery-image elementor-gallery-item__image\" data-thumbnail=\"https:\/\/www.das-kobers.de\/wp-content\/uploads\/2021\/06\/Enscape_2021-06-13-23-27-46-2-768x432.jpg\" data-width=\"768\" data-height=\"432\" aria-label=\"\" role=\"img\" ><\/div>\n\t\t\t\t\t\t\t\t\t\t\t<div class=\"elementor-gallery-item__overlay\"><\/div>\n\t\t\t\t\t\t\t\t\t\t\t\t\t\t<\/a>\n\t\t\t\t\t\t\t<a class=\"e-gallery-item elementor-gallery-item elementor-animated-content\" href=\"https:\/\/www.das-kobers.de\/wp-content\/uploads\/2021\/06\/Enscape_2021-06-13-23-45-20-scaled.jpg\" data-elementor-open-lightbox=\"yes\" data-elementor-lightbox-slideshow=\"fef53c1\" data-elementor-lightbox-title=\"Enscape_2021-06-13-23-45-20\" data-e-action-hash=\"#elementor-action%3Aaction%3Dlightbox%26settings%3DeyJpZCI6NjM0LCJ1cmwiOiJodHRwczpcL1wvd3d3LmRhcy1rb2JlcnMuZGVcL3dwLWNvbnRlbnRcL3VwbG9hZHNcLzIwMjFcLzA2XC9FbnNjYXBlXzIwMjEtMDYtMTMtMjMtNDUtMjAtc2NhbGVkLmpwZyIsInNsaWRlc2hvdyI6ImZlZjUzYzEifQ%3D%3D\">\n\t\t\t\t\t<div class=\"e-gallery-image elementor-gallery-item__image\" data-thumbnail=\"https:\/\/www.das-kobers.de\/wp-content\/uploads\/2021\/06\/Enscape_2021-06-13-23-45-20-768x432.jpg\" data-width=\"768\" data-height=\"432\" aria-label=\"\" role=\"img\" ><\/div>\n\t\t\t\t\t\t\t\t\t\t\t<div class=\"elementor-gallery-item__overlay\"><\/div>\n\t\t\t\t\t\t\t\t\t\t\t\t\t\t<\/a>\n\t\t\t\t\t\t\t<a class=\"e-gallery-item elementor-gallery-item elementor-animated-content\" href=\"https:\/\/www.das-kobers.de\/wp-content\/uploads\/2021\/06\/Enscape_2021-06-13-23-57-22-scaled.jpg\" data-elementor-open-lightbox=\"yes\" data-elementor-lightbox-slideshow=\"fef53c1\" data-elementor-lightbox-title=\"Enscape_2021-06-13-23-57-22\" data-e-action-hash=\"#elementor-action%3Aaction%3Dlightbox%26settings%3DeyJpZCI6NjI4LCJ1cmwiOiJodHRwczpcL1wvd3d3LmRhcy1rb2JlcnMuZGVcL3dwLWNvbnRlbnRcL3VwbG9hZHNcLzIwMjFcLzA2XC9FbnNjYXBlXzIwMjEtMDYtMTMtMjMtNTctMjItc2NhbGVkLmpwZyIsInNsaWRlc2hvdyI6ImZlZjUzYzEifQ%3D%3D\">\n\t\t\t\t\t<div class=\"e-gallery-image elementor-gallery-item__image\" data-thumbnail=\"https:\/\/www.das-kobers.de\/wp-content\/uploads\/2021\/06\/Enscape_2021-06-13-23-57-22-768x432.jpg\" data-width=\"768\" data-height=\"432\" aria-label=\"\" role=\"img\" ><\/div>\n\t\t\t\t\t\t\t\t\t\t\t<div class=\"elementor-gallery-item__overlay\"><\/div>\n\t\t\t\t\t\t\t\t\t\t\t\t\t\t<\/a>\n\t\t\t\t\t<\/div>\n\t\t\t<\/div>\n\t\t\t\t<\/div>\n\t\t\t\t\t<\/div>\n\t\t<\/div>\n\t\t\t\t\t<\/div>\n\t\t<\/section>\n\t\t\t\t<section class=\"elementor-section elementor-top-section elementor-element elementor-element-4b723994 elementor-section-boxed elementor-section-height-default elementor-section-height-default\" data-id=\"4b723994\" data-element_type=\"section\" data-settings=\"{&quot;background_background&quot;:&quot;classic&quot;}\">\n\t\t\t\t\t\t<div class=\"elementor-container elementor-column-gap-default\">\n\t\t\t\t\t<div class=\"elementor-column elementor-col-50 elementor-top-column elementor-element elementor-element-6902c7db\" data-id=\"6902c7db\" data-element_type=\"column\">\n\t\t\t<div class=\"elementor-widget-wrap elementor-element-populated\">\n\t\t\t\t\t\t<div class=\"elementor-element elementor-element-751fd475 elementor-widget elementor-widget-heading\" data-id=\"751fd475\" data-element_type=\"widget\" data-widget_type=\"heading.default\">\n\t\t\t\t<div class=\"elementor-widget-container\">\n\t\t\t<h4 class=\"elementor-heading-title elementor-size-default\">IM KOBERS<\/h4>\t\t<\/div>\n\t\t\t\t<\/div>\n\t\t\t\t<div class=\"elementor-element elementor-element-f63180 elementor-widget elementor-widget-heading\" data-id=\"f63180\" data-element_type=\"widget\" data-widget_type=\"heading.default\">\n\t\t\t\t<div class=\"elementor-widget-container\">\n\t\t\t<h2 class=\"elementor-heading-title elementor-size-default\">Feste Feiern<\/h2>\t\t<\/div>\n\t\t\t\t<\/div>\n\t\t\t\t<div class=\"elementor-element elementor-element-2fb14adc elementor-widget elementor-widget-heading\" data-id=\"2fb14adc\" data-element_type=\"widget\" data-widget_type=\"heading.default\">\n\t\t\t\t<div class=\"elementor-widget-container\">\n\t\t\t<h5 class=\"elementor-heading-title elementor-size-default\">Geburtstag, Hochzeit, Jubil\u00e4um, ....? Es gibt immer was zu feiern.\nDas Kobers bietet Ihnen daf\u00fcr den richtigen Rahmen.<\/h5>\t\t<\/div>\n\t\t\t\t<\/div>\n\t\t\t\t<div class=\"elementor-element elementor-element-5f39343e elementor-icon-list--layout-traditional elementor-list-item-link-full_width elementor-widget elementor-widget-icon-list\" data-id=\"5f39343e\" data-element_type=\"widget\" data-widget_type=\"icon-list.default\">\n\t\t\t\t<div class=\"elementor-widget-container\">\n\t\t\t\t\t<ul class=\"elementor-icon-list-items\">\n\t\t\t\t\t\t\t<li class=\"elementor-icon-list-item\">\n\t\t\t\t\t\t\t\t\t\t\t<span class=\"elementor-icon-list-icon\">\n\t\t\t\t\t\t\t<i aria-hidden=\"true\" class=\"fas fa-check\"><\/i>\t\t\t\t\t\t<\/span>\n\t\t\t\t\t\t\t\t\t\t<span class=\"elementor-icon-list-text\">\u00fcber 100 Pl\u00e4tze in toller Atmosph\u00e4re<\/span>\n\t\t\t\t\t\t\t\t\t<\/li>\n\t\t\t\t\t\t\t\t<li class=\"elementor-icon-list-item\">\n\t\t\t\t\t\t\t\t\t\t\t<span class=\"elementor-icon-list-icon\">\n\t\t\t\t\t\t\t<i aria-hidden=\"true\" class=\"fas fa-check\"><\/i>\t\t\t\t\t\t<\/span>\n\t\t\t\t\t\t\t\t\t\t<span class=\"elementor-icon-list-text\">300 qm Terrasse mit wundervollem Blick \u00fcber Dresden<\/span>\n\t\t\t\t\t\t\t\t\t<\/li>\n\t\t\t\t\t\t\t\t<li class=\"elementor-icon-list-item\">\n\t\t\t\t\t\t\t\t\t\t\t<span class=\"elementor-icon-list-icon\">\n\t\t\t\t\t\t\t<i aria-hidden=\"true\" class=\"fas fa-check\"><\/i>\t\t\t\t\t\t<\/span>\n\t\t\t\t\t\t\t\t\t\t<span class=\"elementor-icon-list-text\">Ausgew\u00e4hltes Essen f\u00fcr jeden Anlass<\/span>\n\t\t\t\t\t\t\t\t\t<\/li>\n\t\t\t\t\t\t<\/ul>\n\t\t\t\t<\/div>\n\t\t\t\t<\/div>\n\t\t\t\t<div class=\"elementor-element elementor-element-3898b866 elementor-widget elementor-widget-button\" data-id=\"3898b866\" data-element_type=\"widget\" data-widget_type=\"button.default\">\n\t\t\t\t<div class=\"elementor-widget-container\">\n\t\t\t\t\t<div class=\"elementor-button-wrapper\">\n\t\t\t<a class=\"elementor-button elementor-button-link elementor-size-sm\" href=\"https:\/\/www.das-kobers.de\/index.php\/feiern\/\">\n\t\t\t\t\t\t<span class=\"elementor-button-content-wrapper\">\n\t\t\t\t\t\t<span class=\"elementor-button-text\">Jetzt Anfragen + Buchen<\/span>\n\t\t<\/span>\n\t\t\t\t\t<\/a>\n\t\t<\/div>\n\t\t\t\t<\/div>\n\t\t\t\t<\/div>\n\t\t\t\t\t<\/div>\n\t\t<\/div>\n\t\t\t\t<div class=\"elementor-column elementor-col-50 elementor-top-column elementor-element elementor-element-38861914 elementor-hidden-phone\" data-id=\"38861914\" data-element_type=\"column\" data-settings=\"{&quot;background_background&quot;:&quot;classic&quot;}\">\n\t\t\t<div class=\"elementor-widget-wrap\">\n\t\t\t\t\t\t\t<\/div>\n\t\t<\/div>\n\t\t\t\t\t<\/div>\n\t\t<\/section>\n\t\t\t\t<\/div>\n\t\t","protected":false},"excerpt":{"rendered":"<p>DAS KOBERS CHIAVERI Ich habe es gesucht und gefunden. In Dresden, zwischen Frauenkirche und Yenidze mit einer gro\u00dfzu\u0308gigen Dachterrasse und der fu\u0308r mich sch\u00f6nsten Aussicht auf die Stadt mit Ihren wundervollen und einzigartigen Bewohnern. Der Dresdner kann ja bekannterma\u00dfen genie\u00dfen und erfreut sich gern an sch\u00f6nen Dingen. Da komme ich ins Spiel, genauer gesagt in [&hellip;]<\/p>\n","protected":false},"author":3,"featured_media":0,"parent":0,"menu_order":0,"comment_status":"closed","ping_status":"closed","template":"","meta":{"footnotes":""},"class_list":["post-15","page","type-page","status-publish","hentry"],"_links":{"self":[{"href":"https:\/\/www.das-kobers.de\/index.php\/wp-json\/wp\/v2\/pages\/15"}],"collection":[{"href":"https:\/\/www.das-kobers.de\/index.php\/wp-json\/wp\/v2\/pages"}],"about":[{"href":"https:\/\/www.das-kobers.de\/index.php\/wp-json\/wp\/v2\/types\/page"}],"author":[{"embeddable":true,"href":"https:\/\/www.das-kobers.de\/index.php\/wp-json\/wp\/v2\/users\/3"}],"replies":[{"embeddable":true,"href":"https:\/\/www.das-kobers.de\/index.php\/wp-json\/wp\/v2\/comments?post=15"}],"version-history":[{"count":41,"href":"https:\/\/www.das-kobers.de\/index.php\/wp-json\/wp\/v2\/pages\/15\/revisions"}],"predecessor-version":[{"id":2091,"href":"https:\/\/www.das-kobers.de\/index.php\/wp-json\/wp\/v2\/pages\/15\/revisions\/2091"}],"wp:attachment":[{"href":"https:\/\/www.das-kobers.de\/index.php\/wp-json\/wp\/v2\/media?parent=15"}],"curies":[{"name":"wp","href":"https:\/\/api.w.org\/{rel}","templated":true}]}}